{"id":123,"date":"2014-06-17T09:46:06","date_gmt":"2014-06-17T09:46:06","guid":{"rendered":"https:\/\/bsgr.stura-md.de\/?page_id=123"},"modified":"2021-07-27T13:26:02","modified_gmt":"2021-07-27T12:26:02","slug":"werde-aktiv","status":"publish","type":"page","link":"https:\/\/bsgr.stura-md.de\/es\/werde-aktiv\/","title":{"rendered":"\u00a1Ponte activo!"},"content":{"rendered":"<p><a href=\"https:\/\/bsgr.stura-md.de\/werde-aktiv\/projekte\/\"><br \/>\n\t\t\t\t\t\t\t\t<\/a><\/p>\n<h3>\n\t\t\t\t\t<a href=\"https:\/\/bsgr.stura-md.de\/werde-aktiv\/projekte\/\">Proyectos<\/a><br \/>\n\t\t\t\t<\/h3>\n<p>Aqu\u00ed puedes encontrar nuestras ofertas para obtener m\u00e1s informaci\u00f3n sobre los temas: comunidad solidaria y cosmopolitana, racismo y fascismo en Magdeburgo y sus alrededores \u00bfqu\u00e9 hacer?<\/p>\n<p>\t\t\t\t<a href=\"https:\/\/bsgr.stura-md.de\/werde-aktiv\/events\/\"><br \/>\n\t\t\t\t\t\t\t\t<\/a><\/p>\n<h3>\n\t\t\t\t\t<a href=\"https:\/\/bsgr.stura-md.de\/werde-aktiv\/events\/\">Eventos<\/a><br \/>\n\t\t\t\t<\/h3>\n<p>Invol\u00facrate y participa en eventos organizados por iniciativas locales y el BsgR.<\/p>\n<p>Queremos contribuir a que la sociedad sea m\u00e1s pluralista, m\u00e1s solidaria y m\u00e1s abierta. La atenci\u00f3n se centra principalmente en la educaci\u00f3n y la informaci\u00f3n. Nuestro objetivo es mostrar c\u00f3mo el racismo y el fascismo se reflejan directa e indirectamente en la sociedad, y qu\u00e9 puede hacer el individuo al respecto.<\/p>\n<h2>Finde Projekte und Initiativen auch in deiner N\u00e4he <\/h2>\n<p>\t\t\t\t<a href=\"http:\/\/solidarisches-magdeburg.org\/\"><br \/>\n\t\t\t\t\t\t\t\t<\/a><\/p>\n<h4>\n\t\t\t\t\t<a href=\"http:\/\/solidarisches-magdeburg.org\/\">SoMA<\/a><br \/>\n\t\t\t\t<\/h4>\n<p>SoMa significa Magdeburgo solidario, una alianza de ciudadanos comprometidos.<\/p>\n<p>\t\t\t\t<a href=\"https:\/\/platzmachen.org\/\"><br \/>\n\t\t\t\t\t\t\t\t<\/a><\/p>\n<h4>\n\t\t\t\t\t<a href=\"https:\/\/platzmachen.org\/\">Platz.machen<\/a><br \/>\n\t\t\t\t<\/h4>\n<p>\u00a1Para ti, para nosotros, para todos! Queremos hacer espacio para cosas nuevas, para la diversidad, para la comunidad y para las personas que normalmente tienen que luchar por su lugar.<\/p>\n<p>\t\t\t\t<a href=\"https:\/\/seebruecke.org\/lokalgruppen\/magdeburg-2\/\"><br \/>\n\t\t\t\t\t\t\t\t<\/a><\/p>\n<h3>\n\t\t\t\t\t<a href=\"https:\/\/seebruecke.org\/lokalgruppen\/magdeburg-2\/\">Seebr\u00fccke &#8211; MD<\/a><br \/>\n\t\t\t\t<\/h3>\n","protected":false},"excerpt":{"rendered":"<p>Proyectos Aqu\u00ed puedes encontrar nuestras ofertas para obtener m\u00e1s informaci\u00f3n sobre los temas: comunidad solidaria y cosmopolitana, racismo y fascismo en Magdeburgo y sus alrededores \u00bfqu\u00e9 hacer? Eventos Invol\u00facrate y participa en eventos organizados por iniciativas locales y el BsgR. Queremos contribuir a que la sociedad sea m\u00e1s pluralista, m\u00e1s solidaria y m\u00e1s abierta. La [&hellip;]<\/p>\n","protected":false},"author":24,"featured_media":946,"parent":0,"menu_order":4,"comment_status":"open","ping_status":"closed","template":"","meta":{"footnotes":"","_links_to":"","_links_to_target":""},"class_list":["post-123","page","type-page","status-publish","has-post-thumbnail","czr-hentry"],"translation":{"provider":"WPGlobus","version":"3.0.2","language":"es","enabled_languages":["de","en","fr","es"],"languages":{"de":{"title":true,"content":true,"excerpt":false},"en":{"title":true,"content":true,"excerpt":false},"fr":{"title":true,"content":true,"excerpt":false},"es":{"title":true,"content":true,"excerpt":false}}},"_links":{"self":[{"href":"https:\/\/bsgr.stura-md.de\/es\/wp-json\/wp\/v2\/pages\/123","targetHints":{"allow":["GET"]}}],"collection":[{"href":"https:\/\/bsgr.stura-md.de\/es\/wp-json\/wp\/v2\/pages"}],"about":[{"href":"https:\/\/bsgr.stura-md.de\/es\/wp-json\/wp\/v2\/types\/page"}],"author":[{"embeddable":true,"href":"https:\/\/bsgr.stura-md.de\/es\/wp-json\/wp\/v2\/users\/24"}],"replies":[{"embeddable":true,"href":"https:\/\/bsgr.stura-md.de\/es\/wp-json\/wp\/v2\/comments?post=123"}],"version-history":[{"count":53,"href":"https:\/\/bsgr.stura-md.de\/es\/wp-json\/wp\/v2\/pages\/123\/revisions"}],"predecessor-version":[{"id":1166,"href":"https:\/\/bsgr.stura-md.de\/es\/wp-json\/wp\/v2\/pages\/123\/revisions\/1166"}],"wp:featuredmedia":[{"embeddable":true,"href":"https:\/\/bsgr.stura-md.de\/es\/wp-json\/wp\/v2\/media\/946"}],"wp:attachment":[{"href":"https:\/\/bsgr.stura-md.de\/es\/wp-json\/wp\/v2\/media?parent=123"}],"curies":[{"name":"wp","href":"https:\/\/api.w.org\/{rel}","templated":true}]}}