{"id":129,"date":"2014-06-17T09:55:54","date_gmt":"2014-06-17T09:55:54","guid":{"rendered":"https:\/\/bsgr.stura-md.de\/?page_id=129"},"modified":"2021-07-27T13:22:52","modified_gmt":"2021-07-27T12:22:52","slug":"ueber-uns","status":"publish","type":"page","link":"https:\/\/bsgr.stura-md.de\/es\/ueber-uns\/","title":{"rendered":"Quienes somos"},"content":{"rendered":"<p>Nosotros, la &#8216;alianza de estudiantes en contra de la derecha&#8217; somos un departamento del consejo de estudiantes de la Universidad Otto von Guericke de Magdeburgo (desde febrero de 2014) y nos entendemos, basados en el orden b\u00e1sico democr\u00e1tico libre, como una asociaci\u00f3n de estudiantes de Magdeburgo que es<\/p>\n<ul>\n<li>&nbsp;no violenta,<\/li>\n<li>&nbsp;pluralista y<\/li>\n<li>&nbsp;abarcando a varios partidos<\/li>\n<\/ul>\n<p>y que se pronunciana en contra de las dieas de la &#8220;derecha&#8221;.<\/p>\n<p>Para nosotros, los pensamientos &#8220;derechas&#8221; cuentan:<\/p>\n<ul>\n<li>&nbsp;una visi\u00f3n anti-igualitaria que considera que las personas no tienen el mismo valor,<\/li>\n<li>&nbsp;discriminaci\u00f3n y opersi\u00f3n,<\/li>\n<li>&nbsp;revisionismo hist\u00f3rico,<\/li>\n<li>&nbsp;desprecio por los seres humanos de cualiquier tipo, como por ejemplo entisemitismo o antiziganismo,<\/li>\n<li>&nbsp;nacionalismo,<\/li>\n<li>&nbsp;ideolog\u00edas &#8220;raciales&#8221;,<\/li>\n<li>&nbsp;la estimgmatizi\u00f3n de las orientaciones religiosas, culturales y\/o secuales&nbsp;<\/li>\n<\/ul>\n<p>(no se pretende que la lista est\u00e9 completa).<\/p>\n<p><b>Nuestras metas son<br \/>\n<\/b><\/p>\n<ul>\n<li>&nbsp;Informaci\u00f3n:<\/li>\n<\/ul>\n<p><b><\/b>Organizaci\u00f3n de eventos, seminarios, coloquios, exposiciones, etc. para abordar \u00e1reas problem\u00e1ticas;<\/p>\n<ul>\n<li>Movilizaci\u00f3n:<\/li>\n<\/ul>\n<p>Movilizar a tantos estudiantes como sea posible para simpatizar y participar activamente en la sociedad, por ejemplo en el contexto de manifestaciones, eventos;<\/p>\n<ul>\n<li>Presencia y networking:<\/li>\n<\/ul>\n<p>Con una gran presencia como alianza activa y un departamento del consejo estudiantil, nos gustar\u00eda se\u00f1alar la urgencia de un compromiso duradero contra &#8220;la ley&#8221;. Actuamos como un punto de contacto para los afectados y ofrecemos oportunidades de uso y networking.<\/p>\n<p>Queremos promover un p\u00fablico m\u00e1s cr\u00edtico para lidiar con los neonazis, la violencia de extrema derecha y las ideas de derecha en las universidades de Magdeburgo y en nuestra ciudad y presentar un cuerpo estudiantil que est\u00e9 unido, resuelto y no violento en su contra, que mira y muestra valor c\u00edvico.<\/p>\n","protected":false},"excerpt":{"rendered":"<p>Nosotros, la &#8216;alianza de estudiantes en contra de la derecha&#8217; somos un departamento del consejo de estudiantes de la Universidad Otto von Guericke de Magdeburgo (desde febrero de 2014) y nos entendemos, basados en el orden b\u00e1sico democr\u00e1tico libre, como una asociaci\u00f3n de estudiantes de Magdeburgo que es &nbsp;no violenta, &nbsp;pluralista y &nbsp;abarcando a varios [&hellip;]<\/p>\n","protected":false},"author":24,"featured_media":935,"parent":0,"menu_order":3,"comment_status":"closed","ping_status":"closed","template":"","meta":{"footnotes":"","_links_to":"","_links_to_target":""},"class_list":["post-129","page","type-page","status-publish","has-post-thumbnail","czr-hentry"],"translation":{"provider":"WPGlobus","version":"3.0.2","language":"es","enabled_languages":["de","en","fr","es"],"languages":{"de":{"title":true,"content":true,"excerpt":false},"en":{"title":true,"content":true,"excerpt":false},"fr":{"title":true,"content":true,"excerpt":false},"es":{"title":true,"content":true,"excerpt":false}}},"_links":{"self":[{"href":"https:\/\/bsgr.stura-md.de\/es\/wp-json\/wp\/v2\/pages\/129","targetHints":{"allow":["GET"]}}],"collection":[{"href":"https:\/\/bsgr.stura-md.de\/es\/wp-json\/wp\/v2\/pages"}],"about":[{"href":"https:\/\/bsgr.stura-md.de\/es\/wp-json\/wp\/v2\/types\/page"}],"author":[{"embeddable":true,"href":"https:\/\/bsgr.stura-md.de\/es\/wp-json\/wp\/v2\/users\/24"}],"replies":[{"embeddable":true,"href":"https:\/\/bsgr.stura-md.de\/es\/wp-json\/wp\/v2\/comments?post=129"}],"version-history":[{"count":46,"href":"https:\/\/bsgr.stura-md.de\/es\/wp-json\/wp\/v2\/pages\/129\/revisions"}],"predecessor-version":[{"id":1162,"href":"https:\/\/bsgr.stura-md.de\/es\/wp-json\/wp\/v2\/pages\/129\/revisions\/1162"}],"wp:featuredmedia":[{"embeddable":true,"href":"https:\/\/bsgr.stura-md.de\/es\/wp-json\/wp\/v2\/media\/935"}],"wp:attachment":[{"href":"https:\/\/bsgr.stura-md.de\/es\/wp-json\/wp\/v2\/media?parent=129"}],"curies":[{"name":"wp","href":"https:\/\/api.w.org\/{rel}","templated":true}]}}