{"id":804,"date":"2020-12-05T13:14:54","date_gmt":"2020-12-05T12:14:54","guid":{"rendered":"https:\/\/bsgr.stura-md.de\/?page_id=804"},"modified":"2021-11-30T18:37:19","modified_gmt":"2021-11-30T17:37:19","slug":"projekte","status":"publish","type":"page","link":"https:\/\/bsgr.stura-md.de\/es\/werde-aktiv\/projekte\/","title":{"rendered":"Proyectos"},"content":{"rendered":"<figure><img decoding=\"async\" src=\"https:\/\/bsgr.stura-md.de\/wp-content\/plugins\/elementor\/assets\/images\/placeholder.png\" title=\"\" alt=\"\" \/><\/figure>\n<h3>Conferencias \/ ciclo de conferencias<\/h3>\n<p>Aqu\u00ed puedes encontrar informaci\u00f3n sobre nuestras conferencias planificadas y pasadas. Adem\u00e1s, tambi\u00e9n ofrecemos material de trasfondo sobre los eventos aqu\u00ed.<\/p>\n<figure><img decoding=\"async\" src=\"https:\/\/bsgr.stura-md.de\/wp-content\/plugins\/elementor\/assets\/images\/placeholder.png\" title=\"\" alt=\"\" \/><\/figure>\n<h3>Conciencia hist\u00f3rica<\/h3>\n<p>Para fortalecer la conciencia hist\u00f3rica, nosotros, como BSgR, ofrecemos varias opciones, tales como: caminatas por la ciudad, paseos en bicicleta a lugares de violencia y opresi\u00f3n racista y nacionalista.<\/p>\n<figure><a href=\"https:\/\/bsgr.stura-md.de\/werde-aktiv\/projekte\/info-blog-aufklaerung\/\"><img decoding=\"async\" src=\"https:\/\/bsgr.stura-md.de\/wp-content\/plugins\/elementor\/assets\/images\/placeholder.png\" title=\"\" alt=\"\" \/><\/a><\/figure>\n<h3><a href=\"https:\/\/bsgr.stura-md.de\/werde-aktiv\/projekte\/info-blog-aufklaerung\/\">Educaci\u00f3n e informaci\u00f3n<\/a><\/h3>\n<p>Transparencia e informaci\u00f3n: solo podemos marcar la diferencia si garantizamos a otros el libre acceso a informaci\u00f3nes.<\/p>\n","protected":false},"excerpt":{"rendered":"<p>Conferencias \/ ciclo de conferencias Aqu\u00ed puedes encontrar informaci\u00f3n sobre nuestras conferencias planificadas y pasadas. Adem\u00e1s, tambi\u00e9n ofrecemos material de trasfondo sobre los eventos aqu\u00ed. Conciencia hist\u00f3rica Para fortalecer la conciencia hist\u00f3rica, nosotros, como BSgR, ofrecemos varias opciones, tales como: caminatas por la ciudad, paseos en bicicleta a lugares de violencia y opresi\u00f3n racista y [&hellip;]<\/p>\n","protected":false},"author":25,"featured_media":0,"parent":123,"menu_order":1,"comment_status":"closed","ping_status":"closed","template":"","meta":{"footnotes":"","_links_to":"","_links_to_target":""},"class_list":["post-804","page","type-page","status-publish","czr-hentry"],"translation":{"provider":"WPGlobus","version":"3.0.2","language":"es","enabled_languages":["de","en","fr","es"],"languages":{"de":{"title":true,"content":true,"excerpt":false},"en":{"title":true,"content":true,"excerpt":false},"fr":{"title":true,"content":true,"excerpt":false},"es":{"title":true,"content":true,"excerpt":false}}},"_links":{"self":[{"href":"https:\/\/bsgr.stura-md.de\/es\/wp-json\/wp\/v2\/pages\/804","targetHints":{"allow":["GET"]}}],"collection":[{"href":"https:\/\/bsgr.stura-md.de\/es\/wp-json\/wp\/v2\/pages"}],"about":[{"href":"https:\/\/bsgr.stura-md.de\/es\/wp-json\/wp\/v2\/types\/page"}],"author":[{"embeddable":true,"href":"https:\/\/bsgr.stura-md.de\/es\/wp-json\/wp\/v2\/users\/25"}],"replies":[{"embeddable":true,"href":"https:\/\/bsgr.stura-md.de\/es\/wp-json\/wp\/v2\/comments?post=804"}],"version-history":[{"count":27,"href":"https:\/\/bsgr.stura-md.de\/es\/wp-json\/wp\/v2\/pages\/804\/revisions"}],"predecessor-version":[{"id":1210,"href":"https:\/\/bsgr.stura-md.de\/es\/wp-json\/wp\/v2\/pages\/804\/revisions\/1210"}],"up":[{"embeddable":true,"href":"https:\/\/bsgr.stura-md.de\/es\/wp-json\/wp\/v2\/pages\/123"}],"wp:attachment":[{"href":"https:\/\/bsgr.stura-md.de\/es\/wp-json\/wp\/v2\/media?parent=804"}],"curies":[{"name":"wp","href":"https:\/\/api.w.org\/{rel}","templated":true}]}}