{"id":806,"date":"2020-12-05T13:42:23","date_gmt":"2020-12-05T12:42:23","guid":{"rendered":"https:\/\/bsgr.stura-md.de\/?page_id=806"},"modified":"2021-07-27T13:32:16","modified_gmt":"2021-07-27T12:32:16","slug":"events","status":"publish","type":"page","link":"https:\/\/bsgr.stura-md.de\/es\/werde-aktiv\/events\/","title":{"rendered":"Eventos"},"content":{"rendered":"<p>Aqu\u00ed puedes encontrar informaci\u00f3n sobre eventos actuales y pasados en los que el BSgR est\u00e1 y estuvo involucrada.<\/p>\n","protected":false},"excerpt":{"rendered":"<p>Aqu\u00ed puedes encontrar informaci\u00f3n sobre eventos actuales y pasados en los que el BSgR est\u00e1 y estuvo involucrada.<\/p>\n","protected":false},"author":25,"featured_media":0,"parent":123,"menu_order":0,"comment_status":"closed","ping_status":"closed","template":"","meta":{"footnotes":"","_links_to":"","_links_to_target":""},"class_list":["post-806","page","type-page","status-publish","czr-hentry"],"translation":{"provider":"WPGlobus","version":"3.0.2","language":"es","enabled_languages":["de","en","fr","es"],"languages":{"de":{"title":true,"content":true,"excerpt":false},"en":{"title":true,"content":true,"excerpt":false},"fr":{"title":true,"content":true,"excerpt":false},"es":{"title":true,"content":true,"excerpt":false}}},"_links":{"self":[{"href":"https:\/\/bsgr.stura-md.de\/es\/wp-json\/wp\/v2\/pages\/806","targetHints":{"allow":["GET"]}}],"collection":[{"href":"https:\/\/bsgr.stura-md.de\/es\/wp-json\/wp\/v2\/pages"}],"about":[{"href":"https:\/\/bsgr.stura-md.de\/es\/wp-json\/wp\/v2\/types\/page"}],"author":[{"embeddable":true,"href":"https:\/\/bsgr.stura-md.de\/es\/wp-json\/wp\/v2\/users\/25"}],"replies":[{"embeddable":true,"href":"https:\/\/bsgr.stura-md.de\/es\/wp-json\/wp\/v2\/comments?post=806"}],"version-history":[{"count":16,"href":"https:\/\/bsgr.stura-md.de\/es\/wp-json\/wp\/v2\/pages\/806\/revisions"}],"predecessor-version":[{"id":1179,"href":"https:\/\/bsgr.stura-md.de\/es\/wp-json\/wp\/v2\/pages\/806\/revisions\/1179"}],"up":[{"embeddable":true,"href":"https:\/\/bsgr.stura-md.de\/es\/wp-json\/wp\/v2\/pages\/123"}],"wp:attachment":[{"href":"https:\/\/bsgr.stura-md.de\/es\/wp-json\/wp\/v2\/media?parent=806"}],"curies":[{"name":"wp","href":"https:\/\/api.w.org\/{rel}","templated":true}]}}