{"id":123,"date":"2014-06-17T09:46:06","date_gmt":"2014-06-17T09:46:06","guid":{"rendered":"https:\/\/bsgr.stura-md.de\/?page_id=123"},"modified":"2021-07-27T13:26:02","modified_gmt":"2021-07-27T12:26:02","slug":"werde-aktiv","status":"publish","type":"page","link":"https:\/\/bsgr.stura-md.de\/fr\/werde-aktiv\/","title":{"rendered":"Devenez actif!"},"content":{"rendered":"<p><a href=\"https:\/\/bsgr.stura-md.de\/werde-aktiv\/projekte\/\"><br \/>\n\t\t\t\t\t\t\t\t<\/a><\/p>\n<h3>\n\t\t\t\t\t<a href=\"https:\/\/bsgr.stura-md.de\/werde-aktiv\/projekte\/\">Projets<\/a><br \/>\n\t\t\t\t<\/h3>\n<p>Vous trouverez ici nos offres avec des informations supplementaires sur les th\u00e8mes : solidarit\u00e9\/ouverture d&#8217;esprit, racisme et fascisme \u00e0\/autour de Magdebourg &#8211; que faire ?<\/p>\n<p>\t\t\t\t<a href=\"https:\/\/bsgr.stura-md.de\/werde-aktiv\/events\/\"><br \/>\n\t\t\t\t\t\t\t\t<\/a><\/p>\n<h3>\n\t\t\t\t\t<a href=\"https:\/\/bsgr.stura-md.de\/werde-aktiv\/events\/\">\u00c9v\u00e9nements<\/a><br \/>\n\t\t\t\t<\/h3>\n<p>Impliquez-vous et participez aux \u00e9v\u00e9nements organis\u00e9s par les initiatives locales et le BSgR<\/p>\n<p>Nous souhaitons contribuer \u00e0 rendre la soci\u00e9t\u00e9 plus pluraliste, plus solidaire et plus ouverte d&#8217;esprit. L&#8217;accent est mis sur l&#8217;id\u00e9e d&#8217;\u00e9ducation et d&#8217;information. Notre objectif est de montrer comment le racisme et le fascisme se refl\u00e8tent directement et indirectement dans la soci\u00e9t\u00e9, et ce que l&#8217;individu peut faire contre cela.\u00a0<\/p>\n<h2>Trouver des projets et des initiatives pr\u00e8s de chez vous<\/h2>\n<p>\t\t\t\t<a href=\"http:\/\/solidarisches-magdeburg.org\/\"><br \/>\n\t\t\t\t\t\t\t\t<\/a><\/p>\n<h4>\n\t\t\t\t\t<a href=\"http:\/\/solidarisches-magdeburg.org\/\">SoMA<\/a><br \/>\n\t\t\t\t<\/h4>\n<p>SoMa signifie Solidarisches Magdeburg &#8211; une alliance de citoyens engag\u00e9s.<\/p>\n<p>\t\t\t\t<a href=\"https:\/\/platzmachen.org\/\"><br \/>\n\t\t\t\t\t\t\t\t<\/a><\/p>\n<h4>\n\t\t\t\t\t<a href=\"https:\/\/platzmachen.org\/\">Faites de la place.<\/a><br \/>\n\t\t\t\t<\/h4>\n<p>Pour vous, pour nous, pour tout le monde ! Nous voulons donner de la place* &#8211; pour les nouveaut\u00e9s, pour la diversit\u00e9, pour la communaut\u00e9 et pour les personnes qui doivent le plus souvent se battre pour avoir leur place<\/p>\n<p>\t\t\t\t<a href=\"https:\/\/seebruecke.org\/lokalgruppen\/magdeburg-2\/\"><br \/>\n\t\t\t\t\t\t\t\t<\/a><\/p>\n<h3>\n\t\t\t\t\t<a href=\"https:\/\/seebruecke.org\/lokalgruppen\/magdeburg-2\/\">Seebr\u00fccke &#8211; MD<\/a><br \/>\n\t\t\t\t<\/h3>\n","protected":false},"excerpt":{"rendered":"<p>Projets Vous trouverez ici nos offres avec des informations supplementaires sur les th\u00e8mes : solidarit\u00e9\/ouverture d&#8217;esprit, racisme et fascisme \u00e0\/autour de Magdebourg &#8211; que faire ? \u00c9v\u00e9nements Impliquez-vous et participez aux \u00e9v\u00e9nements organis\u00e9s par les initiatives locales et le BSgR Nous souhaitons contribuer \u00e0 rendre la soci\u00e9t\u00e9 plus pluraliste, plus solidaire et plus ouverte d&#8217;esprit. [&hellip;]<\/p>\n","protected":false},"author":24,"featured_media":946,"parent":0,"menu_order":4,"comment_status":"open","ping_status":"closed","template":"","meta":{"footnotes":"","_links_to":"","_links_to_target":""},"class_list":["post-123","page","type-page","status-publish","has-post-thumbnail","czr-hentry"],"translation":{"provider":"WPGlobus","version":"3.0.2","language":"fr","enabled_languages":["de","en","fr","es"],"languages":{"de":{"title":true,"content":true,"excerpt":false},"en":{"title":true,"content":true,"excerpt":false},"fr":{"title":true,"content":true,"excerpt":false},"es":{"title":true,"content":true,"excerpt":false}}},"_links":{"self":[{"href":"https:\/\/bsgr.stura-md.de\/fr\/wp-json\/wp\/v2\/pages\/123","targetHints":{"allow":["GET"]}}],"collection":[{"href":"https:\/\/bsgr.stura-md.de\/fr\/wp-json\/wp\/v2\/pages"}],"about":[{"href":"https:\/\/bsgr.stura-md.de\/fr\/wp-json\/wp\/v2\/types\/page"}],"author":[{"embeddable":true,"href":"https:\/\/bsgr.stura-md.de\/fr\/wp-json\/wp\/v2\/users\/24"}],"replies":[{"embeddable":true,"href":"https:\/\/bsgr.stura-md.de\/fr\/wp-json\/wp\/v2\/comments?post=123"}],"version-history":[{"count":53,"href":"https:\/\/bsgr.stura-md.de\/fr\/wp-json\/wp\/v2\/pages\/123\/revisions"}],"predecessor-version":[{"id":1166,"href":"https:\/\/bsgr.stura-md.de\/fr\/wp-json\/wp\/v2\/pages\/123\/revisions\/1166"}],"wp:featuredmedia":[{"embeddable":true,"href":"https:\/\/bsgr.stura-md.de\/fr\/wp-json\/wp\/v2\/media\/946"}],"wp:attachment":[{"href":"https:\/\/bsgr.stura-md.de\/fr\/wp-json\/wp\/v2\/media?parent=123"}],"curies":[{"name":"wp","href":"https:\/\/api.w.org\/{rel}","templated":true}]}}