{"id":804,"date":"2020-12-05T13:14:54","date_gmt":"2020-12-05T12:14:54","guid":{"rendered":"https:\/\/bsgr.stura-md.de\/?page_id=804"},"modified":"2021-11-30T18:37:19","modified_gmt":"2021-11-30T17:37:19","slug":"projekte","status":"publish","type":"page","link":"https:\/\/bsgr.stura-md.de\/fr\/werde-aktiv\/projekte\/","title":{"rendered":"Projets"},"content":{"rendered":"<figure><img decoding=\"async\" src=\"https:\/\/bsgr.stura-md.de\/wp-content\/plugins\/elementor\/assets\/images\/placeholder.png\" title=\"\" alt=\"\" \/><\/figure>\n<h3>Conf\u00e9rences \/ S\u00e9ries de conf\u00e9rences<\/h3>\n<p>Vous trouverez ici des informations sur nos conf\u00e9rences pr\u00e9vues et pass\u00e9es. En outre, nous proposons d&#8217;autres documents de r\u00e9f\u00e9rence sur les \u00e9v\u00e9nements<\/p>\n<figure><img decoding=\"async\" src=\"https:\/\/bsgr.stura-md.de\/wp-content\/plugins\/elementor\/assets\/images\/placeholder.png\" title=\"\" alt=\"\" \/><\/figure>\n<h3>Conscience historique<\/h3>\n<p>Afin de renforcer la conscience historique, nous, BSgR, offrons diverses opportunit\u00e9s telles que : des promenades en ville, des balades \u00e0 v\u00e9lo vers les lieux de violence et d&#8217;oppression racistes\/nationalistes.<\/p>\n<figure><a href=\"https:\/\/bsgr.stura-md.de\/werde-aktiv\/projekte\/info-blog-aufklaerung\/\"><img decoding=\"async\" src=\"https:\/\/bsgr.stura-md.de\/wp-content\/plugins\/elementor\/assets\/images\/placeholder.png\" title=\"\" alt=\"\" \/><\/a><\/figure>\n<h3><a href=\"https:\/\/bsgr.stura-md.de\/werde-aktiv\/projekte\/info-blog-aufklaerung\/\">\u00c9ducation et information<\/a><\/h3>\n<p>Transparence et information : ce n&#8217;est qu&#8217;en garantissant aux autres le libre acc\u00e8s \u00e0 l&#8217;information que nous pourrons r\u00e9ellement faire la diff\u00e9rence.<\/p>\n","protected":false},"excerpt":{"rendered":"<p>Conf\u00e9rences \/ S\u00e9ries de conf\u00e9rences Vous trouverez ici des informations sur nos conf\u00e9rences pr\u00e9vues et pass\u00e9es. En outre, nous proposons d&#8217;autres documents de r\u00e9f\u00e9rence sur les \u00e9v\u00e9nements Conscience historique Afin de renforcer la conscience historique, nous, BSgR, offrons diverses opportunit\u00e9s telles que : des promenades en ville, des balades \u00e0 v\u00e9lo vers les lieux de [&hellip;]<\/p>\n","protected":false},"author":25,"featured_media":0,"parent":123,"menu_order":1,"comment_status":"closed","ping_status":"closed","template":"","meta":{"footnotes":"","_links_to":"","_links_to_target":""},"class_list":["post-804","page","type-page","status-publish","czr-hentry"],"translation":{"provider":"WPGlobus","version":"3.0.2","language":"fr","enabled_languages":["de","en","fr","es"],"languages":{"de":{"title":true,"content":true,"excerpt":false},"en":{"title":true,"content":true,"excerpt":false},"fr":{"title":true,"content":true,"excerpt":false},"es":{"title":true,"content":true,"excerpt":false}}},"_links":{"self":[{"href":"https:\/\/bsgr.stura-md.de\/fr\/wp-json\/wp\/v2\/pages\/804","targetHints":{"allow":["GET"]}}],"collection":[{"href":"https:\/\/bsgr.stura-md.de\/fr\/wp-json\/wp\/v2\/pages"}],"about":[{"href":"https:\/\/bsgr.stura-md.de\/fr\/wp-json\/wp\/v2\/types\/page"}],"author":[{"embeddable":true,"href":"https:\/\/bsgr.stura-md.de\/fr\/wp-json\/wp\/v2\/users\/25"}],"replies":[{"embeddable":true,"href":"https:\/\/bsgr.stura-md.de\/fr\/wp-json\/wp\/v2\/comments?post=804"}],"version-history":[{"count":27,"href":"https:\/\/bsgr.stura-md.de\/fr\/wp-json\/wp\/v2\/pages\/804\/revisions"}],"predecessor-version":[{"id":1210,"href":"https:\/\/bsgr.stura-md.de\/fr\/wp-json\/wp\/v2\/pages\/804\/revisions\/1210"}],"up":[{"embeddable":true,"href":"https:\/\/bsgr.stura-md.de\/fr\/wp-json\/wp\/v2\/pages\/123"}],"wp:attachment":[{"href":"https:\/\/bsgr.stura-md.de\/fr\/wp-json\/wp\/v2\/media?parent=804"}],"curies":[{"name":"wp","href":"https:\/\/api.w.org\/{rel}","templated":true}]}}